{"id":18,"date":"2016-11-24T16:04:52","date_gmt":"2016-11-24T15:04:52","guid":{"rendered":"http:\/\/www.wohnmobil-soest.de\/?page_id=18"},"modified":"2024-11-11T11:56:18","modified_gmt":"2024-11-11T10:56:18","slug":"preise","status":"publish","type":"page","link":"https:\/\/www.wohnmobil-soest.de\/index.php\/preise\/","title":{"rendered":"Mietpreise"},"content":{"rendered":"<p><strong><span class=\"head\">Preise pro Tag:<br \/>\n<\/span><\/strong><\/p>\n<table border=\"0\" width=\"100%\" cellspacing=\"0\" cellpadding=\"4\">\n<tbody>\n<tr bgcolor=\"#CCCCCC\">\n<td><\/td>\n<td>Neben-<br \/>\nsaison<br \/>\n(ausser Sommer- ferien NRW)<\/td>\n<td>Haupt-<br \/>\nsaison<br \/>\n(nur Sommer- ferien NRW)<\/td>\n<\/tr>\n<tr bgcolor=\"#F5F5F5\">\n<td>Sun Living V65SL<\/td>\n<td>\u20ac 95,-<\/td>\n<td>\u20ac 105,-<\/td>\n<\/tr>\n<tr bgcolor=\"#DDDDDD\">\n<td>Sunlight T67s<\/td>\n<td>\u20ac 100,-<\/td>\n<td>\u20ac 115,-<\/td>\n<\/tr>\n<tr bgcolor=\"#F5F5F5\">\n<td>Adria 640 SL<\/td>\n<td>\u20ac 95,-<\/td>\n<td>\u20ac 105,-<\/td>\n<\/tr>\n<tr bgcolor=\"#DDDDDD\">\n<td>Sunlight T69 L<\/td>\n<td>\u20ac 105,-<\/td>\n<td>\u20ac 115,-<\/td>\n<\/tr>\n<tr bgcolor=\"#F5F5F5\">\n<td>Sunlight A68<\/td>\n<td>\u20ac 95,-<\/td>\n<td>\u20ac 115,-<\/td>\n<\/tr>\n<tr bgcolor=\"#DDDDDD\">\n<td>Sunlight T67s<\/td>\n<td>\u20ac 100,-<\/td>\n<td>\u20ac 115,-<\/td>\n<\/tr>\n<tr bgcolor=\"#F5F5F5\">\n<td>Sunlight I68<\/td>\n<td>\u20ac 110,-<\/td>\n<td>\u20ac 125,-<\/td>\n<\/tr>\n<tr bgcolor=\"#DDDDDD\">\n<td>P\u00f6ssl 600R Shine<\/td>\n<td>\u20ac 95,-<\/td>\n<td>\u20ac 110,-<\/td>\n<\/tr>\n<\/tbody>\n<\/table>\n<p>&nbsp;<\/p>\n<table border=\"0\" width=\"100%\" cellspacing=\"0\" cellpadding=\"4\">\n<tbody>\n<tr>\n<td align=\"left\" valign=\"top\"><\/td>\n<td align=\"right\" valign=\"top\"><\/td>\n<\/tr>\n<tr bgcolor=\"#DDDDDD\">\n<td align=\"left\" valign=\"top\">Stammkundenrabatt<br \/>\n<sub>pro Tag, ausserhalb der Sparsaison<\/sub><\/td>\n<td align=\"right\" valign=\"top\">5,00 Euro<\/td>\n<\/tr>\n<tr bgcolor=\"#F5F5F5\">\n<td align=\"left\" valign=\"top\">\u00dcbergabepauschale (einmalig)<\/p>\n<p>Beinhaltet:<br \/>\nBereitstellung, \u00dcbergabe und sorgf\u00e4ltige Einweisung, R\u00fccknahme des Wohnmobils, mindestens eine Propangasf\u00fcllung (11kg\/ 5kg), WC-Chemikalien, Au\u00dfenreinigung, Schutzbrief<\/td>\n<td align=\"right\" valign=\"top\">140,00 Euro<\/td>\n<\/tr>\n<\/tbody>\n<\/table>\n<p><strong><span class=\"head\">Im Mietpreis enthalten:<\/span><\/strong><\/p>\n<table border=\"0\" width=\"100%\" cellspacing=\"0\" cellpadding=\"4\">\n<tbody>\n<tr bgcolor=\"#DDDDDD\">\n<td align=\"left\" valign=\"top\">Haftpflichtversicherung<br \/>\n<sub>Deckungssumme pauschal 100 Mio. Euro; Personensch\u00e4den mit max. 8 Mio. Euro\/Person<\/sub><\/td>\n<\/tr>\n<tr bgcolor=\"#F5F5F5\">\n<td align=\"left\" valign=\"top\">Voll- und Teilkaskoversicherung<br \/>\n<sub>mit Selbstbeteiligung je Schadensfall (Kaution in H\u00f6he von 1000,- Euro muss bei Abholung hinterlegt werden)<\/sub><\/td>\n<\/tr>\n<tr bgcolor=\"#DDDDDD\">\n<td align=\"left\" valign=\"top\">Mehrwertsteuer<\/td>\n<\/tr>\n<tr bgcolor=\"#F5F5F5\">\n<td align=\"left\" valign=\"top\">250 km frei je Miettag<br \/>\n<sub>jeder Mehrkilometer 0,25 Euro, ab 14 Miettagen keine Kilometerbegrenzung<\/sub><\/td>\n<\/tr>\n<tr bgcolor=\"#DDDDDD\">\n<td align=\"left\" valign=\"top\">2 Auffahrkeile, 2 CEE-Adapterkabel, Kabeltrommel, Thermomatten f\u00fcr Fahrerhaus, Gie\u00dfkanne, WC-Chemikalien<\/td>\n<\/tr>\n<\/tbody>\n<\/table>\n<p>&nbsp;<\/p>\n<table border=\"0\" width=\"100%\" cellspacing=\"0\" cellpadding=\"4\">\n<tbody>\n<tr bgcolor=\"#CCCCCC\">\n<td align=\"left\" valign=\"top\"><b>Sonderzubeh\u00f6r in der Vermietung:<\/b><\/td>\n<td align=\"right\" valign=\"top\"><\/td>\n<\/tr>\n<tr bgcolor=\"#F5F5F5\">\n<td align=\"left\" valign=\"top\"><\/td>\n<td align=\"right\" valign=\"top\"><sub>Preis pro Mietzeitraum<\/sub><\/td>\n<\/tr>\n<tr bgcolor=\"#DDDDDD\">\n<td align=\"left\" valign=\"top\"><\/td>\n<td align=\"right\" valign=\"top\"><\/td>\n<\/tr>\n<tr bgcolor=\"#F5F5F5\">\n<td align=\"left\" valign=\"top\">mobile Koffer-Sat-Anlage<\/td>\n<td align=\"right\" valign=\"top\">30,00 Euro<\/td>\n<\/tr>\n<tr bgcolor=\"#DDDDDD\">\n<td align=\"left\" valign=\"top\">Flachbildfernseher<\/td>\n<td align=\"right\" valign=\"top\">30,00 Euro<\/td>\n<\/tr>\n<tr bgcolor=\"#F5F5F5\">\n<td align=\"left\" valign=\"top\">Campingtisch<\/td>\n<td align=\"right\" valign=\"top\">10,00 Euro<\/td>\n<\/tr>\n<tr bgcolor=\"#DDDDDD\">\n<td align=\"left\" valign=\"top\">Campingstuhl<\/td>\n<td align=\"right\" valign=\"top\">5,00 Euro<\/td>\n<\/tr>\n<tr bgcolor=\"#F5F5F5\">\n<td align=\"left\" valign=\"top\">Camping-K\u00fcchenset<\/td>\n<td align=\"right\" valign=\"top\">20,00 Euro<\/td>\n<\/tr>\n<tr bgcolor=\"#DDDDDD\">\n<td align=\"left\" valign=\"top\">mobiles Navigationsger\u00e4t<\/td>\n<td align=\"right\" valign=\"top\">20,00 Euro<\/td>\n<\/tr>\n<tr bgcolor=\"#F5F5F5\">\n<td align=\"left\" valign=\"top\">mobiles Gaswarnger\u00e4t<\/td>\n<td align=\"right\" valign=\"top\">10,00 Euro<\/td>\n<\/tr>\n<tr bgcolor=\"#DDDDDD\">\n<td align=\"left\" valign=\"top\">Campingf\u00fchrer \/ Stellplatzf\u00fchrer<\/td>\n<td align=\"right\" valign=\"top\">5,00 Euro<\/td>\n<\/tr>\n<\/tbody>\n<\/table>\n<p><br clear=\"all\" \/>Alle Angaben ohne Gew\u00e4hr<\/p>\n","protected":false},"excerpt":{"rendered":"<p>Preise pro Tag: Neben- saison (ausser Sommer- ferien NRW) Haupt- saison (nur Sommer- ferien NRW) Sun Living V65SL \u20ac 95,- \u20ac 105,- Sunlight T67s \u20ac 100,- \u20ac 115,- Adria 640 <a class=\"more-link\" href=\"https:\/\/www.wohnmobil-soest.de\/index.php\/preise\/\"><\/a><\/p>\n","protected":false},"author":2,"featured_media":68,"parent":0,"menu_order":0,"comment_status":"closed","ping_status":"closed","template":"","meta":{"footnotes":""},"class_list":["post-18","page","type-page","status-publish","has-post-thumbnail","hentry"],"_links":{"self":[{"href":"https:\/\/www.wohnmobil-soest.de\/index.php\/wp-json\/wp\/v2\/pages\/18"}],"collection":[{"href":"https:\/\/www.wohnmobil-soest.de\/index.php\/wp-json\/wp\/v2\/pages"}],"about":[{"href":"https:\/\/www.wohnmobil-soest.de\/index.php\/wp-json\/wp\/v2\/types\/page"}],"author":[{"embeddable":true,"href":"https:\/\/www.wohnmobil-soest.de\/index.php\/wp-json\/wp\/v2\/users\/2"}],"replies":[{"embeddable":true,"href":"https:\/\/www.wohnmobil-soest.de\/index.php\/wp-json\/wp\/v2\/comments?post=18"}],"version-history":[{"count":36,"href":"https:\/\/www.wohnmobil-soest.de\/index.php\/wp-json\/wp\/v2\/pages\/18\/revisions"}],"predecessor-version":[{"id":410,"href":"https:\/\/www.wohnmobil-soest.de\/index.php\/wp-json\/wp\/v2\/pages\/18\/revisions\/410"}],"wp:featuredmedia":[{"embeddable":true,"href":"https:\/\/www.wohnmobil-soest.de\/index.php\/wp-json\/wp\/v2\/media\/68"}],"wp:attachment":[{"href":"https:\/\/www.wohnmobil-soest.de\/index.php\/wp-json\/wp\/v2\/media?parent=18"}],"curies":[{"name":"wp","href":"https:\/\/api.w.org\/{rel}","templated":true}]}}